{"id":6942,"date":"2017-07-26T21:02:01","date_gmt":"2017-07-26T21:02:01","guid":{"rendered":"https:\/\/www3.hhu.de\/duesseldorfer-archiv\/?page_id=6942"},"modified":"2018-07-03T12:27:16","modified_gmt":"2018-07-03T12:27:16","slug":"ueber-uns","status":"publish","type":"page","link":"https:\/\/d-prax.de\/?page_id=6942","title":{"rendered":"\u00dcber Uns"},"content":{"rendered":"<p>Das Zentrum f\u00fcr Gewerblichen Rechtsschutz der Juristischen Fakult\u00e4t der Heinrich-Heine-Universit\u00e4t D\u00fcsseldorf dient der Forschung und Lehre sowie der Informationsvermittlung auf den Feldern des Gewerblichen Rechtsschutzes, des Urheberrechts und des Wirtschaftsrechts.<\/p>\n<p>Weitere Informationen finden Sie <a href=\"http:\/\/www.gewrs.de\/ueber-das-cip.html\">hier<\/a>.<\/p>\n<p>Insbesondere bietet das CIP und der Lehrstuhl von Herrn Professor Dr. Busche folgende Leistungen:<\/p>\n<p><a href=\"https:\/\/www3.hhu.de\/patentrechtstage\/\">D\u00fcsseldorfer Patentrechtstage<\/a><\/p>\n<p><a href=\"http:\/\/www.gewrs.de\/veranstaltungen\/werkstattgespraeche.html\">Werkstattgespr\u00e4che<\/a><\/p>\n<p><a href=\"https:\/\/www3.hhu.de\/vamp\/\">D\u00fcsseldorfer Archiv f\u00fcr Immaterialg\u00fcterrecht<\/a><\/p>\n<p><a href=\"http:\/\/www.gewrs.de\/studiengang-llm.html\">LL.M. Studiengang Gewerblicher Rechtsschutz<\/a><\/p>\n<p>Homepage des\u00a0<a href=\"http:\/\/www.gewrs.de\/\">Zentrum des Gewerblichen Rechtsschutz<\/a><\/p>\n<p>Homepage des\u00a0<a href=\"http:\/\/www.jura.hhu.de\/dozenten\/busche.html\">Lehrstuhls von Prof. Dr. Busche<\/a><\/p>\n<p>Wir sind bem\u00fcht f\u00fcr Sie aktuelle und qualitativ hochwertige Leistungen bereit zu stellen. Wenn Sie unseren Service sch\u00e4tzen, w\u00fcrden wir uns \u00fcber eine Spende freuen:<\/p>\n<p>Helaba Landesbank Hessen-Th\u00fcringen<br \/>\nBIC: WELADEDDXXX<br \/>\nIBAN: DE48300500000004014817<br \/>\n<strong>Verwendungszweck<\/strong>: 0401050100 Lehrstuhl f\u00fcr Gewerblichen Rechtsschutz<\/p>\n<p>&nbsp;<\/p>\n","protected":false},"excerpt":{"rendered":"<p>Das Zentrum f\u00fcr Gewerblichen Rechtsschutz der Juristischen Fakult\u00e4t der Heinrich-Heine-Universit\u00e4t D\u00fcsseldorf dient der Forschung und Lehre sowie der Informationsvermittlung auf den Feldern des Gewerblichen Rechtsschutzes, des Urheberrechts und des Wirtschaftsrechts. Weitere Informationen finden Sie hier. Insbesondere bietet das CIP und der Lehrstuhl von Herrn Professor Dr. Busche folgende Leistungen: D\u00fcsseldorfer Patentrechtstage Werkstattgespr\u00e4che D\u00fcsseldorfer Archiv f\u00fcr [&hellip;]<\/p>\n","protected":false},"author":7,"featured_media":0,"parent":0,"menu_order":0,"comment_status":"closed","ping_status":"closed","template":"","meta":{"_acf_changed":false,"footnotes":""},"class_list":["post-6942","page","type-page","status-publish","hentry"],"acf":[],"_links":{"self":[{"href":"https:\/\/d-prax.de\/index.php?rest_route=\/wp\/v2\/pages\/6942","targetHints":{"allow":["GET"]}}],"collection":[{"href":"https:\/\/d-prax.de\/index.php?rest_route=\/wp\/v2\/pages"}],"about":[{"href":"https:\/\/d-prax.de\/index.php?rest_route=\/wp\/v2\/types\/page"}],"author":[{"embeddable":true,"href":"https:\/\/d-prax.de\/index.php?rest_route=\/wp\/v2\/users\/7"}],"replies":[{"embeddable":true,"href":"https:\/\/d-prax.de\/index.php?rest_route=%2Fwp%2Fv2%2Fcomments&post=6942"}],"version-history":[{"count":8,"href":"https:\/\/d-prax.de\/index.php?rest_route=\/wp\/v2\/pages\/6942\/revisions"}],"predecessor-version":[{"id":7610,"href":"https:\/\/d-prax.de\/index.php?rest_route=\/wp\/v2\/pages\/6942\/revisions\/7610"}],"wp:attachment":[{"href":"https:\/\/d-prax.de\/index.php?rest_route=%2Fwp%2Fv2%2Fmedia&parent=6942"}],"curies":[{"name":"wp","href":"https:\/\/api.w.org\/{rel}","templated":true}]}}