{"id":6405,"date":"2016-09-01T14:12:09","date_gmt":"2016-09-01T14:12:09","guid":{"rendered":"https:\/\/www3.hhu.de\/duesseldorfer-archiv\/?page_id=6405"},"modified":"2023-01-11T07:26:05","modified_gmt":"2023-01-11T07:26:05","slug":"lg-braunschweig","status":"publish","type":"page","link":"https:\/\/d-prax.de\/?page_id=6405","title":{"rendered":"LG Braunschweig"},"content":{"rendered":"<p><a href=\"https:\/\/d-prax.de\/?page_id=141\">Zur\u00fcck<\/a><\/p>\n\r\n<time  class=\"published\" datetime=\"2002-10-30\"><\/time>\r\n<div class=\"entry-title\">Nr. 41 - <a href=\"https:\/\/d-prax.de\/?p=102\" rel=\"bookmark\">9 O 2171\/02 &#8211; Gef\u00e4\u00dfst\u00fctze II<\/a> <\/div>\r\n\t\r\n<time  class=\"published\" datetime=\"2003-05-21\"><\/time>\r\n<div class=\"entry-title\">Nr. 149 - <a href=\"https:\/\/d-prax.de\/?p=106\" rel=\"bookmark\">9 O 2455\/02 &#8211; Luftfeder<\/a> <\/div>\r\n\t\r\n<time  class=\"published\" datetime=\"2004-03-03\"><\/time>\r\n<div class=\"entry-title\">Nr. 226 - <a href=\"https:\/\/d-prax.de\/?p=222\" rel=\"bookmark\">9 O 2408\/02 &#8211; Reinigungstuch<\/a> <\/div>\r\n\t\r\n<time  class=\"published\" datetime=\"2004-11-09\"><\/time>\r\n<div class=\"entry-title\">Nr. 227 - <a href=\"https:\/\/d-prax.de\/?p=225\" rel=\"bookmark\">9 O 2925\/04 &#8211; Biegemaschine<\/a> <\/div>\r\n\t\r\n<time  class=\"published\" datetime=\"2004-12-07\"><\/time>\r\n<div class=\"entry-title\">Nr. 228 - <a href=\"https:\/\/d-prax.de\/?p=230\" rel=\"bookmark\">9 O 3000\/04 &#8211; Fr\u00e4sanlage<\/a> <\/div>\r\n\t\r\n<time  class=\"published\" datetime=\"2004-12-22\"><\/time>\r\n<div class=\"entry-title\">Nr. 229 - <a href=\"https:\/\/d-prax.de\/?p=233\" rel=\"bookmark\">9 O 496\/04 &#8211; Carbuttler<\/a> <\/div>\r\n\t\r\n<time  class=\"published\" datetime=\"2004-05-05\"><\/time>\r\n<div class=\"entry-title\">Nr. 230 - <a href=\"https:\/\/d-prax.de\/?p=236\" rel=\"bookmark\">9 O 817\/04 &#8211; Biofilter<\/a> <\/div>\r\n\t\r\n<time  class=\"published\" datetime=\"2005-08-03\"><\/time>\r\n<div class=\"entry-title\">Nr. 325 - <a href=\"https:\/\/d-prax.de\/?p=238\" rel=\"bookmark\">9 O 1003\/04 &#8211; Torfstecher<\/a> <\/div>\r\n\t\r\n<time  class=\"published\" datetime=\"2005-03-16\"><\/time>\r\n<div class=\"entry-title\">Nr. 326 - <a href=\"https:\/\/d-prax.de\/?p=241\" rel=\"bookmark\">9 O 1615\/04 &#8211; Kanalreinigungsfahrzeug<\/a> <\/div>\r\n\t\r\n<time  class=\"published\" datetime=\"2005-12-06\"><\/time>\r\n<div class=\"entry-title\">Nr. 327 - <a href=\"https:\/\/d-prax.de\/?p=243\" rel=\"bookmark\">9 O 2222\/05 &#8211; Pferdedeckenb\u00fcgel<\/a> <\/div>\r\n\t\r\n<time  class=\"published\" datetime=\"2005-11-30\"><\/time>\r\n<div class=\"entry-title\">Nr. 328 - <a href=\"https:\/\/d-prax.de\/?p=245\" rel=\"bookmark\">9 O 2816\/04 &#8211; Eistruhe<\/a> <\/div>\r\n\t\r\n<time  class=\"published\" datetime=\"2005-04-20\"><\/time>\r\n<div class=\"entry-title\">Nr. 329 - <a href=\"https:\/\/d-prax.de\/?p=247\" rel=\"bookmark\">9 O 863\/05 &#8211; Satellitenortung<\/a> <\/div>\r\n\t\r\n<time  class=\"published\" datetime=\"2006-05-10\"><\/time>\r\n<div class=\"entry-title\">Nr. 475 - <a href=\"https:\/\/d-prax.de\/?p=251\" rel=\"bookmark\">9 O 134\/05 &#8211; Kotfl\u00fcgel<\/a> <\/div>\r\n\t\r\n<time  class=\"published\" datetime=\"2006-08-16\"><\/time>\r\n<div class=\"entry-title\">Nr. 476 - <a href=\"https:\/\/d-prax.de\/?p=265\" rel=\"bookmark\">9 O 2964\/04 &#8211; Windenergiekonverter<\/a> <\/div>\r\n\t\r\n<time  class=\"published\" datetime=\"2006-11-01\"><\/time>\r\n<div class=\"entry-title\">Nr. 477 - <a href=\"https:\/\/d-prax.de\/?p=267\" rel=\"bookmark\">9 O 3242\/05 &#8211; Kochgef\u00e4\u00dfk\u00fchlung<\/a> <\/div>\r\n\t\r\n<time  class=\"published\" datetime=\"2006-09-06\"><\/time>\r\n<div class=\"entry-title\">Nr. 478 - <a href=\"https:\/\/d-prax.de\/?p=269\" rel=\"bookmark\">9 O 3288\/05 &#8211; X-Ray<\/a> <\/div>\r\n\t\r\n<time  class=\"published\" datetime=\"2006-05-10\"><\/time>\r\n<div class=\"entry-title\">Nr. 479 - <a href=\"https:\/\/d-prax.de\/?p=271\" rel=\"bookmark\">9 O 545\/06 &#8211; Autohalterung<\/a> <\/div>\r\n\t\r\n<time  class=\"published\" datetime=\"2007-03-28\"><\/time>\r\n<div class=\"entry-title\">Nr. 596 - <a href=\"https:\/\/d-prax.de\/?p=273\" rel=\"bookmark\">9 O 2832\/06 (409) &#8211; Dossiereinrichtung<\/a> <\/div>\r\n\t\r\n<time  class=\"published\" datetime=\"2007-02-07\"><\/time>\r\n<div class=\"entry-title\">Nr. 597 - <a href=\"https:\/\/d-prax.de\/?p=275\" rel=\"bookmark\">9 O 3216\/05 &#8211; Notablauf<\/a> <\/div>\r\n\t\r\n<h2>Seite: \t\r\n<a href='https:\/\/www3.hhu.de\/duesseldorfer-archiv\/?page_id=6405&next=1'>1 <\/a><\/h2>\r\n\r\n<div> 19 Suchergebnisse <\/div> \r\n\r\n\n","protected":false},"excerpt":{"rendered":"<p>Zur\u00fcck<\/p>\n","protected":false},"author":25,"featured_media":0,"parent":0,"menu_order":0,"comment_status":"closed","ping_status":"closed","template":"","meta":{"_acf_changed":false,"footnotes":""},"class_list":["post-6405","page","type-page","status-publish","hentry"],"acf":[],"_links":{"self":[{"href":"https:\/\/d-prax.de\/index.php?rest_route=\/wp\/v2\/pages\/6405","targetHints":{"allow":["GET"]}}],"collection":[{"href":"https:\/\/d-prax.de\/index.php?rest_route=\/wp\/v2\/pages"}],"about":[{"href":"https:\/\/d-prax.de\/index.php?rest_route=\/wp\/v2\/types\/page"}],"author":[{"embeddable":true,"href":"https:\/\/d-prax.de\/index.php?rest_route=\/wp\/v2\/users\/25"}],"replies":[{"embeddable":true,"href":"https:\/\/d-prax.de\/index.php?rest_route=%2Fwp%2Fv2%2Fcomments&post=6405"}],"version-history":[{"count":4,"href":"https:\/\/d-prax.de\/index.php?rest_route=\/wp\/v2\/pages\/6405\/revisions"}],"predecessor-version":[{"id":9156,"href":"https:\/\/d-prax.de\/index.php?rest_route=\/wp\/v2\/pages\/6405\/revisions\/9156"}],"wp:attachment":[{"href":"https:\/\/d-prax.de\/index.php?rest_route=%2Fwp%2Fv2%2Fmedia&parent=6405"}],"curies":[{"name":"wp","href":"https:\/\/api.w.org\/{rel}","templated":true}]}}