{"id":63,"date":"2016-04-06T15:01:46","date_gmt":"2016-04-06T15:01:46","guid":{"rendered":"https:\/\/www3.hhu.de\/duesseldorfer-archiv\/?page_id=63"},"modified":"2023-01-11T07:25:45","modified_gmt":"2023-01-11T07:25:45","slug":"impressum","status":"publish","type":"page","link":"https:\/\/d-prax.de\/?page_id=63","title":{"rendered":"Impressum"},"content":{"rendered":"<p><b>Verantwortlich f\u00fcr die Gestaltung dieser Seiten:<\/b><\/p>\n<p>Prof. Dr. Jan Busche<br \/>\nUniversit\u00e4tsstra\u00dfe 1<br \/>\nGeb\u00e4ude 24.81 (Juridicum II)<br \/>\n40225 D\u00fcsseldorf<\/p>\n<p>Telefon: +49 211 81-11321<br \/>\nTelefax: +49 211 81-11741<\/p>\n<p><b>Bei Fragen aller Art wenden Sie sich bitte an:<\/b><br \/>\n<a href=\"https:\/\/d-prax.de\/?page_id=60\">Yannick Schrader-Schilkowsky<\/a><\/p>\n","protected":false},"excerpt":{"rendered":"<p>Verantwortlich f\u00fcr die Gestaltung dieser Seiten: Prof. Dr. Jan Busche Universit\u00e4tsstra\u00dfe 1 Geb\u00e4ude 24.81 (Juridicum II) 40225 D\u00fcsseldorf Telefon: +49 211 81-11321 Telefax: +49 211 81-11741 Bei Fragen aller Art wenden Sie sich bitte an: Yannick Schrader-Schilkowsky<\/p>\n","protected":false},"author":25,"featured_media":0,"parent":0,"menu_order":0,"comment_status":"closed","ping_status":"closed","template":"","meta":{"_acf_changed":false,"footnotes":""},"class_list":["post-63","page","type-page","status-publish","hentry"],"acf":[],"_links":{"self":[{"href":"https:\/\/d-prax.de\/index.php?rest_route=\/wp\/v2\/pages\/63","targetHints":{"allow":["GET"]}}],"collection":[{"href":"https:\/\/d-prax.de\/index.php?rest_route=\/wp\/v2\/pages"}],"about":[{"href":"https:\/\/d-prax.de\/index.php?rest_route=\/wp\/v2\/types\/page"}],"author":[{"embeddable":true,"href":"https:\/\/d-prax.de\/index.php?rest_route=\/wp\/v2\/users\/25"}],"replies":[{"embeddable":true,"href":"https:\/\/d-prax.de\/index.php?rest_route=%2Fwp%2Fv2%2Fcomments&post=63"}],"version-history":[{"count":6,"href":"https:\/\/d-prax.de\/index.php?rest_route=\/wp\/v2\/pages\/63\/revisions"}],"predecessor-version":[{"id":9155,"href":"https:\/\/d-prax.de\/index.php?rest_route=\/wp\/v2\/pages\/63\/revisions\/9155"}],"wp:attachment":[{"href":"https:\/\/d-prax.de\/index.php?rest_route=%2Fwp%2Fv2%2Fmedia&parent=63"}],"curies":[{"name":"wp","href":"https:\/\/api.w.org\/{rel}","templated":true}]}}