{"id":5804,"date":"2016-06-16T13:50:00","date_gmt":"2016-06-16T13:50:00","guid":{"rendered":"https:\/\/www3.hhu.de\/duesseldorfer-archiv\/?page_id=5804"},"modified":"2016-08-31T13:54:04","modified_gmt":"2016-08-31T13:54:04","slug":"suche","status":"publish","type":"page","link":"https:\/\/d-prax.de\/?page_id=5804","title":{"rendered":"Suche"},"content":{"rendered":"<p>Es stehen Urteile aus den Jahren 1996 bis jetzt zur Verf\u00fcgung.<\/p>\n<form action=\"?page_id=6138\" method=\"post\">\n<fieldset>\n<legend>  <\/legend>\n<p style=\"float:left;\">\n   <span style=\"line-height:30px;\">Entscheidungsnummer:<br \/><\/span><br \/>\n   <span style=\"line-height:30px;\">Entscheidungsname:<br \/><\/span><br \/>\n   <span style=\"line-height:30px;\">Stichwort:<br \/><\/span><br \/>\n   <span style=\"line-height:30px;\">Aktenzeichen:<br \/><\/span><br \/>\n   <span style=\"line-height:30px;\">Gericht:<br \/><\/span><br \/>\n   <span style=\"line-height:30px;\">Jahr:<br \/><\/span><br \/>\n   <span style=\"line-height:30px;\">Sortierung:<br \/><\/span>\n  <\/p>\n<div>\n   <input type=\"text\" name=\"Eingabe_ENr\" size=\"25\" \/><\/p>\n<p>   <input type=\"text\" name=\"Eingabe_ENa\" size=\"25\" \/><\/p>\n<p>   <input type=\"text\" name=\"Eingabe_StW\" size=\"25\" \/><\/p>\n<p>   <input type=\"text\" name=\"Eingabe_AkZ\" size=\"25\" \/><\/p>\n<p>  <select NAME=\"Gericht\" size=\"1\"><option value=\"\">Alle Gerichte<option value=\"LG Braunschweig\">LG Braunschweig<option value=\"LG D\u00fcsseldorf\">LG D\u00fcsseldorf<option value=\"LG M\u00fcnchen I\">LG M\u00fcnchen I<option value=\"OLG D\u00fcsseldorf\">OLG D\u00fcsseldorf<option value=\"OLG Jena\">OLG Jena<br \/>\n  <\/select><br \/> <br \/>\n   <input type=\"text\" name=\"Eingabe_Jahr\" size=\"25\" \/><\/p>\n<p>  <select NAME=\"Sortierung\" size=1><option value=\"ASC\">Aufsteigend<option value=\"DESC\">Absteigend<br \/>\n  <\/select><br \/>\n\n  <\/div>\n<p>  <INPUT TYPE=\"submit\" VALUE=\"Suchen\"> <\/p>\n<\/fieldset>\n<\/form>\n","protected":false},"excerpt":{"rendered":"<p>Es stehen Urteile aus den Jahren 1996 bis jetzt zur Verf\u00fcgung. Entscheidungsnummer: Entscheidungsname: Stichwort: Aktenzeichen: Gericht: Jahr: Sortierung: Alle GerichteLG BraunschweigLG D\u00fcsseldorfLG M\u00fcnchen IOLG D\u00fcsseldorfOLG Jena AufsteigendAbsteigend<\/p>\n","protected":false},"author":25,"featured_media":0,"parent":0,"menu_order":0,"comment_status":"closed","ping_status":"closed","template":"","meta":{"_acf_changed":false,"footnotes":""},"class_list":["post-5804","page","type-page","status-publish","hentry"],"acf":[],"_links":{"self":[{"href":"https:\/\/d-prax.de\/index.php?rest_route=\/wp\/v2\/pages\/5804","targetHints":{"allow":["GET"]}}],"collection":[{"href":"https:\/\/d-prax.de\/index.php?rest_route=\/wp\/v2\/pages"}],"about":[{"href":"https:\/\/d-prax.de\/index.php?rest_route=\/wp\/v2\/types\/page"}],"author":[{"embeddable":true,"href":"https:\/\/d-prax.de\/index.php?rest_route=\/wp\/v2\/users\/25"}],"replies":[{"embeddable":true,"href":"https:\/\/d-prax.de\/index.php?rest_route=%2Fwp%2Fv2%2Fcomments&post=5804"}],"version-history":[{"count":5,"href":"https:\/\/d-prax.de\/index.php?rest_route=\/wp\/v2\/pages\/5804\/revisions"}],"predecessor-version":[{"id":6394,"href":"https:\/\/d-prax.de\/index.php?rest_route=\/wp\/v2\/pages\/5804\/revisions\/6394"}],"wp:attachment":[{"href":"https:\/\/d-prax.de\/index.php?rest_route=%2Fwp%2Fv2%2Fmedia&parent=5804"}],"curies":[{"name":"wp","href":"https:\/\/api.w.org\/{rel}","templated":true}]}}