{"id":5770,"date":"2016-06-16T10:17:56","date_gmt":"2016-06-16T10:17:56","guid":{"rendered":"https:\/\/www3.hhu.de\/duesseldorfer-archiv\/?page_id=5770"},"modified":"2023-01-11T07:25:31","modified_gmt":"2023-01-11T07:25:31","slug":"testseite-entscheidungsnummern","status":"publish","type":"page","link":"https:\/\/d-prax.de\/","title":{"rendered":"Herzlich Willkommen"},"content":{"rendered":"<p>auf den Seiten der \u201e<strong>D\u00fcsseldorfer Entscheidungen<\/strong>\u201c, bereit gestellt vom Zentrum f\u00fcr Gewerblichen Rechtsschutz der Heinrich-Heine-Universit\u00e4t D\u00fcsseldorf. Sie finden hier insbesondere die Rechtsprechung des Landgerichts und Oberlandesgerichts D\u00fcsseldorf zu Patentverletzungsstreitigkeiten im Volltext.<\/p>\n<p>Eine vollst\u00e4ndige Nutzung des D\u00fcsseldorfer Archivs ist ohne Anmeldung m\u00f6glich!<\/p>\n<p><strong>Sollten Sie patentrechtliche Entscheidungen des LG oder OLG D\u00fcsseldorf in unserem Archiv vermissen<\/strong>, freuen wir uns gerne \u00fcber entsprechende Hinweise \u00fcber unser <a href=\"https:\/\/d-prax.de\/?page_id=60\"><strong>Kontaktformular<\/strong><\/a>.<\/p>\n<p>Nur durch Ihre Mithilfe ist es uns m\u00f6glich, ein vollst\u00e4ndiges Archiv anbieten zu k\u00f6nnen!<\/p>\n<p><strong>Aktuelle Entscheidungen:<\/strong><\/p>\n\r\n<time  class=\"published\" datetime=\"2025-10-02\"><\/time>\r\n<div class=\"entry-title\"><a href=\"https:\/\/d-prax.de\/?p=9652\" rel=\"bookmark\">I-2 U 116\/05 &#8211; Saugf\u00e4hige Faserstoffbahn II<\/a> \r\n\t<p><strong>D\u00fcsseldorfer Entscheidungen Nr. 3436<\/strong><\/p>\n<p>Oberlandesgericht D\u00fcsseldorf<\/p>\n<p>Urteil vom 24. Juli 2025, I-2 U 116\/05<\/p>\n<p>Vorinstanz: 4a O 264\/04 <\/p>\n<\/div>\r\n\t\r\n<time  class=\"published\" datetime=\"2025-10-02\"><\/time>\r\n<div class=\"entry-title\"><a href=\"https:\/\/d-prax.de\/?p=9650\" rel=\"bookmark\">I-2 U 73\/24 &#8211; Austauschbare Pulverbeh\u00e4lter<\/a> \r\n\t<p><strong>D\u00fcsseldorfer Entscheidungen Nr. 3435<\/strong><\/p>\n<p>Oberlandesgericht D\u00fcsseldorf<\/p>\n<p>Urteil vom 3. Juli 2025, I-2 U 73\/24<\/p>\n<p>Vorinstanz: <a href=\"https:\/\/d-prax.de\/?p=9540\">4a O 8\/24<\/a><\/p>\n<\/div>\r\n\t\r\n<time  class=\"published\" datetime=\"2025-10-02\"><\/time>\r\n<div class=\"entry-title\"><a href=\"https:\/\/d-prax.de\/?p=9648\" rel=\"bookmark\">I-2 U 72\/24 &#8211; Austauschbarer Pulverbeh\u00e4lter<\/a> \r\n\t<p><strong>D\u00fcsseldorfer Entscheidungen Nr. 3434<\/strong><\/p>\n<p>Oberlandesgericht D\u00fcsseldorf<\/p>\n<p>Urteil vom 3. Juli 2025, I-2 U 72\/24<\/p>\n<p>Vorinstanz: <a href=\"https:\/\/d-prax.de\/?p=9542\">4a O 35\/21<\/a><\/p>\n<\/div>\r\n\t\r\n<time  class=\"published\" datetime=\"2025-10-02\"><\/time>\r\n<div class=\"entry-title\"><a href=\"https:\/\/d-prax.de\/?p=9646\" rel=\"bookmark\">I-2 U 57\/24 &#8211; Montageschienen f\u00fcr Schaltschrankgeh\u00e4use<\/a> \r\n\t<p><strong>D\u00fcsseldorfer Entscheidungen Nr. 3433<\/strong><\/p>\n<p>Oberlandesgericht D\u00fcsseldorf<\/p>\n<p>Urteil vom 7. August 2025, I-2 U 57\/24<\/p>\n<p>Vorinstanz: <a href=\"https:\/\/d-prax.de\/?p=9475\">4a O 3\/22<\/a><\/p>\n<\/div>\r\n\t\r\n<time  class=\"published\" datetime=\"2025-10-02\"><\/time>\r\n<div class=\"entry-title\"><a href=\"https:\/\/d-prax.de\/?p=9644\" rel=\"bookmark\">I-2 U 53\/24 &#8211; Gaszufuhrinstallation<\/a> \r\n\t<p><strong>D\u00fcsseldorfer Entscheidungen Nr. 3432<\/strong><\/p>\n<p>Oberlandesgericht D\u00fcsseldorf<\/p>\n<p>Urteil vom 7. August 2025, I-2 U 53\/24<\/p>\n<p>Vorinstanz: <a href=\"https:\/\/d-prax.de\/?p=9479#respond\">4a O 31\/22<\/a><\/p>\n<\/div>\r\n\t\r\n<time  class=\"published\" datetime=\"2025-10-02\"><\/time>\r\n<div class=\"entry-title\"><a href=\"https:\/\/d-prax.de\/?p=9642\" rel=\"bookmark\">I-2 U 47\/24\u00a0&#8211; Spritzpistole<\/a> \r\n\t<p><strong>D\u00fcsseldorfer Entscheidungen Nr. 3431<\/strong><\/p>\n<p>Oberlandesgericht D\u00fcsseldorf<\/p>\n<p>Urteil vom 5. Juni 2025, I-2 U 47\/24<\/p>\n<p>Vorinstanz: <a href=\"https:\/\/d-prax.de\/?p=9498\">4b O 19\/22<\/a><\/p>\n<\/div>\r\n\t\r\n<time  class=\"published\" datetime=\"2025-10-02\"><\/time>\r\n<div class=\"entry-title\"><a href=\"https:\/\/d-prax.de\/?p=9640\" rel=\"bookmark\">I-2 U 36\/25 &#8211; Pharmazeutische Zusammensetzung zur Verwendung bei der Behandlung Multipler Sklerose III<\/a> \r\n\t<p><strong>D\u00fcsseldorfer Entscheidungen Nr. 3430<\/strong><\/p>\n<p>Oberlandesgericht D\u00fcsseldorf<\/p>\n<p>Urteil vom 17. Juli 2025, I-2 U 36\/25<\/p>\n<p>Vorinstanz: 4b O 76\/24<\/p>\n<\/div>\r\n\t\r\n<time  class=\"published\" datetime=\"2025-10-02\"><\/time>\r\n<div class=\"entry-title\"><a href=\"https:\/\/d-prax.de\/?p=9637\" rel=\"bookmark\">I-2 U 34\/25 &#8211; Pharmazeutische Zusammensetzung zur Verwendung bei der Behandlung Multipler Sklerose I<\/a> \r\n\t<p><strong>D\u00fcsseldorfer Entscheidungen Nr. 3429<\/strong><\/p>\n<p>Oberlandesgericht D\u00fcsseldorf<\/p>\n<p>Urteil vom 17. Juli 2025, I-2 U 34\/25<\/p>\n<p>Vorinstanz: 4b O 72\/24<\/p>\n<\/div>\r\n\t\r\n<time  class=\"published\" datetime=\"2025-10-02\"><\/time>\r\n<div class=\"entry-title\"><a href=\"https:\/\/d-prax.de\/?p=9635\" rel=\"bookmark\">I-2 U 33\/25 &#8211; Pharmazeutische Zusammensetzung zur Verwendung bei der Behandlung Multipler Sklerose II<\/a> \r\n\t<p><strong>D\u00fcsseldorfer Entscheidungen Nr. 3428<\/strong><\/p>\n<p>Oberlandesgericht D\u00fcsseldorf<\/p>\n<p>Urteil vom 17. Juli 2025, I-2 U 33\/25<\/p>\n<p>Vorinstanz: 4b O 71\/24<\/p>\n<\/div>\r\n\t\r\n<time  class=\"published\" datetime=\"2025-10-02\"><\/time>\r\n<div class=\"entry-title\"><a href=\"https:\/\/d-prax.de\/?p=9633\" rel=\"bookmark\">I-2 U 32\/25 &#8211; Pharmazeutische Zusammensetzung zur Verwendung bei der Behandlung Multipler Sklerose IV<\/a> \r\n\t<p><strong>D\u00fcsseldorfer Entscheidungen Nr. 3427<\/strong><\/p>\n<p>Oberlandesgericht D\u00fcsseldorf<\/p>\n<p>Urteil vom 24. Juli 2025, I-2 U 32\/25<\/p>\n<p>Vorinstanz: 4b O 70\/24<\/p>\n<\/div>\r\n\t\r\n\t\r\n\t\r\n\t\r\n\t\r\n\t\r\n\t\r\n\t\r\n\t\r\n\t\r\n\t\r\n\t\r\n\t\r\n\t\r\n\t\r\n\t\r\n\t\r\n\t\r\n\t\r\n\t\r\n\t\r\n\t\r\n\t\r\n\t\r\n\t\r\n\t\r\n\t\r\n\t\r\n\t\r\n\t\r\n\t\r\n\t\r\n\t\r\n\t\r\n\t\r\n\t\r\n\t\r\n\t\r\n\t\r\n\t\r\n\t\r\n\t\r\n\t\r\n\t\r\n\t\r\n\t\r\n\t\r\n\t\r\n\t\r\n\t\r\n\t\r\n\t\r\n\t\r\n\t\r\n\t\r\n\t\r\n\t\r\n\t\r\n\t\r\n\t\r\n\t\r\n\t\r\n\t\r\n\t\r\n\t\r\n\t\r\n\t\r\n\t\r\n\t\r\n\t\r\n\t\r\n\t\r\n\t\r\n\t\r\n\t\r\n\t\r\n\t\r\n\t\r\n\t\r\n\t\r\n\t\r\n\t\r\n\t\r\n\t\r\n\t\r\n\t\r\n\t\r\n\t\r\n\t\r\n\t\r\n\t\r\n<h2>Seite: \t\r\n<a href='https:\/\/www3.hhu.de\/duesseldorfer-archiv\/?next=1'>1 <\/a>\t\r\n<a href='https:\/\/www3.hhu.de\/duesseldorfer-archiv\/?next=2'>2 <\/a>\t\r\n<a href='https:\/\/www3.hhu.de\/duesseldorfer-archiv\/?next=3'>3 <\/a>\t\r\n<a href='https:\/\/www3.hhu.de\/duesseldorfer-archiv\/?next=4'>4 <\/a>\t\r\n<a href='https:\/\/www3.hhu.de\/duesseldorfer-archiv\/?next=5'>5 <\/a>\t\r\n<a href='https:\/\/www3.hhu.de\/duesseldorfer-archiv\/?next=6'>6 <\/a>\t\r\n<a href='https:\/\/www3.hhu.de\/duesseldorfer-archiv\/?next=7'>7 <\/a>\t\r\n<a href='https:\/\/www3.hhu.de\/duesseldorfer-archiv\/?next=8'>8 <\/a>\t\r\n<a href='https:\/\/www3.hhu.de\/duesseldorfer-archiv\/?next=9'>9 <\/a>\t\r\n<a href='https:\/\/www3.hhu.de\/duesseldorfer-archiv\/?next=10'>10 <\/a><\/h2>\t\r\n\r\n \n","protected":false},"excerpt":{"rendered":"<p>auf den Seiten der \u201eD\u00fcsseldorfer Entscheidungen\u201c, bereit gestellt vom Zentrum f\u00fcr Gewerblichen Rechtsschutz der Heinrich-Heine-Universit\u00e4t D\u00fcsseldorf. Sie finden hier insbesondere die Rechtsprechung des Landgerichts und Oberlandesgerichts D\u00fcsseldorf zu Patentverletzungsstreitigkeiten im Volltext. Eine vollst\u00e4ndige Nutzung des D\u00fcsseldorfer Archivs ist ohne Anmeldung m\u00f6glich! Sollten Sie patentrechtliche Entscheidungen des LG oder OLG D\u00fcsseldorf in unserem Archiv vermissen, freuen [&hellip;]<\/p>\n","protected":false},"author":25,"featured_media":0,"parent":0,"menu_order":0,"comment_status":"closed","ping_status":"closed","template":"","meta":{"_acf_changed":false,"footnotes":""},"class_list":["post-5770","page","type-page","status-publish","hentry"],"acf":[],"_links":{"self":[{"href":"https:\/\/d-prax.de\/index.php?rest_route=\/wp\/v2\/pages\/5770","targetHints":{"allow":["GET"]}}],"collection":[{"href":"https:\/\/d-prax.de\/index.php?rest_route=\/wp\/v2\/pages"}],"about":[{"href":"https:\/\/d-prax.de\/index.php?rest_route=\/wp\/v2\/types\/page"}],"author":[{"embeddable":true,"href":"https:\/\/d-prax.de\/index.php?rest_route=\/wp\/v2\/users\/25"}],"replies":[{"embeddable":true,"href":"https:\/\/d-prax.de\/index.php?rest_route=%2Fwp%2Fv2%2Fcomments&post=5770"}],"version-history":[{"count":29,"href":"https:\/\/d-prax.de\/index.php?rest_route=\/wp\/v2\/pages\/5770\/revisions"}],"predecessor-version":[{"id":9154,"href":"https:\/\/d-prax.de\/index.php?rest_route=\/wp\/v2\/pages\/5770\/revisions\/9154"}],"wp:attachment":[{"href":"https:\/\/d-prax.de\/index.php?rest_route=%2Fwp%2Fv2%2Fmedia&parent=5770"}],"curies":[{"name":"wp","href":"https:\/\/api.w.org\/{rel}","templated":true}]}}