{"id":36,"date":"2016-03-23T14:28:18","date_gmt":"2016-03-23T14:28:18","guid":{"rendered":"https:\/\/www3.hhu.de\/duesseldorfer-archiv\/?page_id=36"},"modified":"2020-10-28T14:27:50","modified_gmt":"2020-10-28T14:27:50","slug":"zitierhinweise","status":"publish","type":"page","link":"https:\/\/d-prax.de\/?page_id=36","title":{"rendered":"Zitierhinweise"},"content":{"rendered":"<p>Jede Entscheidung hat eine fest zugewiesene Nummer und kann damit zitiert werden.<br \/>\nEs ist unter \u201eSuche\u201c unter dem Punkt \u201eEntscheidungsnummer\u201c m\u00f6glich, die Entscheidungen direkt nach Nummer zu suchen.<\/p>\n<p>Seit Januar 2018 werden die Entscheidungen von der Redaktion au\u00dferdem mit fest zugewiesen Randnummern versehen. Sie k\u00f6nnen die Entscheidungen von \u201eD-Prax\u201c damit noch einfacher und genauer zitieren.<\/p>\n<p>Bitte beachten Sie beim Zitieren, dass es sich bei diesen Randnummern nicht um amtlich vergebene Randnummern handelt. In anderen Publikationen verwendete Randnummern k\u00f6nnen aus diesem Grund von den hier verwendeten abweichen.<\/p>\n<p><u>Zitiervorschlag:<\/u><\/p>\n<p><strong>D\u00fcsseldorfer Entscheidungen Nr. 520 (<a href=\"http:\/\/www.d-prax.de\">www.d-prax.de<\/a>) beziehungsweise D\u00fcsseldorfer Entscheidungen Nr. 2706 Rn. 20 (<a href=\"www.d-prax.de\">www.d-prax.de<\/a>)<\/strong><\/p>\n<p>oder:<\/p>\n<p><strong>D\u00fcsseldorfer Entscheidungen Nr. 520 \u2013 Aufzugssysteme (<a href=\"http:\/\/www.d-prax.de\">www.d-prax.de<\/a>) beziehungsweise D\u00fcsseldorfer Entscheidungen Nr. 2706 Rn. 20 \u2013 Mehrzonen-Matratze (<a href=\"www.d-prax.de\">www.d-prax.de<\/a>)<\/strong><\/p>\n<p>&nbsp;<\/p>\n<p>Wenn die Entscheidung direkt verlinkt wird, ist die nachfolgende Angabe der Website (<a href=\"www.d-prax.de\">www.d-prax.de<\/a>) entbehrlich:<\/p>\n<p><strong><a href=\"https:\/\/www3.hhu.de\/duesseldorfer-archiv\/?p=7269\">D\u00fcsseldorfer Entscheidungen Nr. 2706 Rn. 20 \u2013 Mehrzonen-Matratze<\/a><\/strong><\/p>\n<p>&nbsp;<\/p>\n<p>D\u00fcsseldorfer LG-Entscheidungen von 1996 bis 2000\u00a0k\u00f6nnen wie folgt zitiert werden:<\/p>\n<p><strong>D\u00fcsseldorfer Entscheidungen Jahr, Band, Seite (<a href=\"http:\/\/www.d-prax.de\">www.d-prax.de<\/a>)<\/strong><\/p>\n","protected":false},"excerpt":{"rendered":"<p>Jede Entscheidung hat eine fest zugewiesene Nummer und kann damit zitiert werden. Es ist unter \u201eSuche\u201c unter dem Punkt \u201eEntscheidungsnummer\u201c m\u00f6glich, die Entscheidungen direkt nach Nummer zu suchen. Seit Januar 2018 werden die Entscheidungen von der Redaktion au\u00dferdem mit fest zugewiesen Randnummern versehen. Sie k\u00f6nnen die Entscheidungen von \u201eD-Prax\u201c damit noch einfacher und genauer zitieren. [&hellip;]<\/p>\n","protected":false},"author":25,"featured_media":0,"parent":0,"menu_order":0,"comment_status":"closed","ping_status":"closed","template":"","meta":{"_acf_changed":false,"footnotes":""},"class_list":["post-36","page","type-page","status-publish","hentry"],"acf":[],"_links":{"self":[{"href":"https:\/\/d-prax.de\/index.php?rest_route=\/wp\/v2\/pages\/36","targetHints":{"allow":["GET"]}}],"collection":[{"href":"https:\/\/d-prax.de\/index.php?rest_route=\/wp\/v2\/pages"}],"about":[{"href":"https:\/\/d-prax.de\/index.php?rest_route=\/wp\/v2\/types\/page"}],"author":[{"embeddable":true,"href":"https:\/\/d-prax.de\/index.php?rest_route=\/wp\/v2\/users\/25"}],"replies":[{"embeddable":true,"href":"https:\/\/d-prax.de\/index.php?rest_route=%2Fwp%2Fv2%2Fcomments&post=36"}],"version-history":[{"count":20,"href":"https:\/\/d-prax.de\/index.php?rest_route=\/wp\/v2\/pages\/36\/revisions"}],"predecessor-version":[{"id":8547,"href":"https:\/\/d-prax.de\/index.php?rest_route=\/wp\/v2\/pages\/36\/revisions\/8547"}],"wp:attachment":[{"href":"https:\/\/d-prax.de\/index.php?rest_route=%2Fwp%2Fv2%2Fmedia&parent=36"}],"curies":[{"name":"wp","href":"https:\/\/api.w.org\/{rel}","templated":true}]}}