{"id":141,"date":"2016-04-11T13:42:03","date_gmt":"2016-04-11T13:42:03","guid":{"rendered":"https:\/\/www3.hhu.de\/duesseldorfer-archiv\/?page_id=141"},"modified":"2023-01-11T07:25:11","modified_gmt":"2023-01-11T07:25:11","slug":"filtern-nach-gerichten","status":"publish","type":"page","link":"https:\/\/d-prax.de\/?page_id=141","title":{"rendered":"Gerichte"},"content":{"rendered":"<p><a href=\"https:\/\/d-prax.de\/?page_id=6396\">OLG D\u00fcsseldorf<\/a><\/p>\n<p><a href=\"https:\/\/d-prax.de\/?page_id=6399\">LG D\u00fcsseldorf<\/a><\/p>\n<p><a href=\"https:\/\/d-prax.de\/?page_id=6402\">LG M\u00fcnchen I<\/a><\/p>\n<p><a href=\"https:\/\/d-prax.de\/?page_id=6405\">LG Braunschweig<\/a><\/p>\n<p><a href=\"https:\/\/d-prax.de\/?page_id=6408\">OLG Jena<\/a><\/p>\n","protected":false},"excerpt":{"rendered":"<p>OLG D\u00fcsseldorf LG D\u00fcsseldorf LG M\u00fcnchen I LG Braunschweig OLG Jena<\/p>\n","protected":false},"author":25,"featured_media":0,"parent":0,"menu_order":0,"comment_status":"closed","ping_status":"closed","template":"","meta":{"_acf_changed":false,"footnotes":""},"class_list":["post-141","page","type-page","status-publish","hentry"],"acf":[],"_links":{"self":[{"href":"https:\/\/d-prax.de\/index.php?rest_route=\/wp\/v2\/pages\/141","targetHints":{"allow":["GET"]}}],"collection":[{"href":"https:\/\/d-prax.de\/index.php?rest_route=\/wp\/v2\/pages"}],"about":[{"href":"https:\/\/d-prax.de\/index.php?rest_route=\/wp\/v2\/types\/page"}],"author":[{"embeddable":true,"href":"https:\/\/d-prax.de\/index.php?rest_route=\/wp\/v2\/users\/25"}],"replies":[{"embeddable":true,"href":"https:\/\/d-prax.de\/index.php?rest_route=%2Fwp%2Fv2%2Fcomments&post=141"}],"version-history":[{"count":8,"href":"https:\/\/d-prax.de\/index.php?rest_route=\/wp\/v2\/pages\/141\/revisions"}],"predecessor-version":[{"id":9153,"href":"https:\/\/d-prax.de\/index.php?rest_route=\/wp\/v2\/pages\/141\/revisions\/9153"}],"wp:attachment":[{"href":"https:\/\/d-prax.de\/index.php?rest_route=%2Fwp%2Fv2%2Fmedia&parent=141"}],"curies":[{"name":"wp","href":"https:\/\/api.w.org\/{rel}","templated":true}]}}