{"id":123,"date":"2016-04-11T09:22:16","date_gmt":"2016-04-11T09:22:16","guid":{"rendered":"https:\/\/www3.hhu.de\/duesseldorfer-archiv\/?page_id=123"},"modified":"2023-01-11T07:34:57","modified_gmt":"2023-01-11T07:34:57","slug":"nutzungshinweise","status":"publish","type":"page","link":"https:\/\/d-prax.de\/?page_id=123","title":{"rendered":"Nutzungshinweise"},"content":{"rendered":"<div class=\"entry-content\">\n<p><b>Sehr geehrte Nutzer des \u201eD\u00fcsseldorfer Archivs\u201c,<\/b><\/p>\n<p>herzlich Willkommen auf den Seiten der \u201eD\u00fcsseldorfer Entscheidungen\u201c, bereit gestellt vom Zentrum f\u00fcr Gewerblichen Rechtsschutz der Heinrich-Heine-Universit\u00e4t D\u00fcsseldorf. Sie finden an dieser Stelle die Rechtsprechung der Landgerichte und Oberlandesgerichte zu Patentverletzungsstreitigkeiten im Volltext.<\/p>\n<p><a href=\"https:\/\/d-prax.de\/?page_id=141\">Hier<\/a> finden Sie die Urteile nach Gerichten und Entscheidungsnummern aufsteigend sortiert.<\/p>\n<p>Nutzen Sie f\u00fcr eine detaillierte Suche unsere <a href=\"https:\/\/d-prax.de\/?page_id=5804\">Filterfunktion<\/a>!<\/p>\n<p>Eine vollst\u00e4ndige Nutzung des D\u00fcsseldorfer Archivs ist ohne Anmeldung m\u00f6glich!<\/p>\n<p>Die Entscheidungen k\u00f6nnen auf einfache Art zitiert werden. Zu diesem Zweck wurde jeder Entscheidung (mit Ausnahme der Entscheidungen des LG D\u00fcsseldorf aus den Jahren 1996-2000) eine Ordnungsnummer fest zugewiesen. Nach diesen Nummern kann auch <a href=\"d-prax.de\/?page_id=5804\">direkt gesucht<\/a> werden. Beachten Sie dazu die <a href=\"https:\/\/d-prax.de\/?page_id=36\">Zitierhinweise<\/a>.<\/p>\n<p>Beachten Sie au\u00dferdem unsere Aufsatzdatenbank\u00a0<b>D\u00fcsseldorfer Archiv f\u00fcr Immaterialg\u00fcterrecht (D-AfI)<\/b>, die Ihnen eine \u00dcbersicht \u00fcber alle marken-, patent- und urheber-\/geschmacksmusterrechtlichen Aufs\u00e4tze gibt sowie die\u00a0<a href=\"https:\/\/d-prax.de\/?page_id=6942\">weiteren Angebote<\/a>\u00a0des Zentrums f\u00fcr Gewerblichen Rechtsschutz.<\/p>\n<\/div>\n","protected":false},"excerpt":{"rendered":"<p>Sehr geehrte Nutzer des \u201eD\u00fcsseldorfer Archivs\u201c, herzlich Willkommen auf den Seiten der \u201eD\u00fcsseldorfer Entscheidungen\u201c, bereit gestellt vom Zentrum f\u00fcr Gewerblichen Rechtsschutz der Heinrich-Heine-Universit\u00e4t D\u00fcsseldorf. Sie finden an dieser Stelle die Rechtsprechung der Landgerichte und Oberlandesgerichte zu Patentverletzungsstreitigkeiten im Volltext. Hier finden Sie die Urteile nach Gerichten und Entscheidungsnummern aufsteigend sortiert. Nutzen Sie f\u00fcr eine detaillierte [&hellip;]<\/p>\n","protected":false},"author":25,"featured_media":0,"parent":0,"menu_order":0,"comment_status":"closed","ping_status":"closed","template":"","meta":{"_acf_changed":false,"footnotes":""},"class_list":["post-123","page","type-page","status-publish","hentry"],"acf":[],"_links":{"self":[{"href":"https:\/\/d-prax.de\/index.php?rest_route=\/wp\/v2\/pages\/123","targetHints":{"allow":["GET"]}}],"collection":[{"href":"https:\/\/d-prax.de\/index.php?rest_route=\/wp\/v2\/pages"}],"about":[{"href":"https:\/\/d-prax.de\/index.php?rest_route=\/wp\/v2\/types\/page"}],"author":[{"embeddable":true,"href":"https:\/\/d-prax.de\/index.php?rest_route=\/wp\/v2\/users\/25"}],"replies":[{"embeddable":true,"href":"https:\/\/d-prax.de\/index.php?rest_route=%2Fwp%2Fv2%2Fcomments&post=123"}],"version-history":[{"count":11,"href":"https:\/\/d-prax.de\/index.php?rest_route=\/wp\/v2\/pages\/123\/revisions"}],"predecessor-version":[{"id":9163,"href":"https:\/\/d-prax.de\/index.php?rest_route=\/wp\/v2\/pages\/123\/revisions\/9163"}],"wp:attachment":[{"href":"https:\/\/d-prax.de\/index.php?rest_route=%2Fwp%2Fv2%2Fmedia&parent=123"}],"curies":[{"name":"wp","href":"https:\/\/api.w.org\/{rel}","templated":true}]}}